{"id":359,"date":"2024-02-29T22:59:53","date_gmt":"2024-02-29T21:59:53","guid":{"rendered":"https:\/\/armorik-protect.fr\/?page_id=359"},"modified":"2024-05-02T20:18:59","modified_gmt":"2024-05-02T18:18:59","slug":"securite-incendie","status":"publish","type":"page","link":"https:\/\/armorik-protect.fr\/?page_id=359","title":{"rendered":"s\u00e9curit\u00e9 incendie"},"content":{"rendered":"\t\t<div data-elementor-type=\"wp-page\" data-elementor-id=\"359\" class=\"elementor elementor-359\" data-elementor-post-type=\"page\">\n\t\t\t\t<div class=\"elementor-element elementor-element-05438b0 e-flex e-con-boxed e-con e-parent\" data-id=\"05438b0\" data-element_type=\"container\" data-e-type=\"container\">\n\t\t\t\t\t<div class=\"e-con-inner\">\n\t\t\t\t<div class=\"elementor-element elementor-element-1e11779 elementor-widget elementor-widget-heading\" data-id=\"1e11779\" data-element_type=\"widget\" data-e-type=\"widget\" data-widget_type=\"heading.default\">\n\t\t\t\t<div class=\"elementor-widget-container\">\n\t\t\t\t\t<h2 class=\"elementor-heading-title elementor-size-default\">Protection et s\u00e9curit\u00e9 incendie<\/h2>\t\t\t\t<\/div>\n\t\t\t\t<\/div>\n\t\t\t\t\t<\/div>\n\t\t\t\t<\/div>\n\t\t<div class=\"elementor-element elementor-element-4db6961 e-flex e-con-boxed e-con e-parent\" data-id=\"4db6961\" data-element_type=\"container\" data-e-type=\"container\">\n\t\t\t\t\t<div class=\"e-con-inner\">\n\t\t\t\t<div class=\"elementor-element elementor-element-0b0aebc elementor-widget elementor-widget-spacer\" data-id=\"0b0aebc\" data-element_type=\"widget\" data-e-type=\"widget\" data-widget_type=\"spacer.default\">\n\t\t\t\t<div class=\"elementor-widget-container\">\n\t\t\t\t\t\t\t<div class=\"elementor-spacer\">\n\t\t\t<div class=\"elementor-spacer-inner\"><\/div>\n\t\t<\/div>\n\t\t\t\t\t\t<\/div>\n\t\t\t\t<\/div>\n\t\t\t\t\t<\/div>\n\t\t\t\t<\/div>\n\t\t<div class=\"elementor-element elementor-element-fb6885b e-flex e-con-boxed e-con e-parent\" data-id=\"fb6885b\" data-element_type=\"container\" data-e-type=\"container\">\n\t\t\t\t\t<div class=\"e-con-inner\">\n\t\t\t\t<div class=\"elementor-element elementor-element-b66d2c4 elementor-widget elementor-widget-text-editor\" data-id=\"b66d2c4\" data-element_type=\"widget\" data-e-type=\"widget\" data-widget_type=\"text-editor.default\">\n\t\t\t\t<div class=\"elementor-widget-container\">\n\t\t\t\t\t\t\t\t\t<p>Nous nous engageons \u00e0 fournir des services complets de v\u00e9rification des appareils de lutte contre l&#8217;incendie, r\u00e9pondant parfaitement \u00e0 vos besoins, et ce dans des conditions optimales pour garantir un r\u00e9sultat de qualit\u00e9.<\/p>\t\t\t\t\t\t\t\t<\/div>\n\t\t\t\t<\/div>\n\t\t\t\t\t<\/div>\n\t\t\t\t<\/div>\n\t\t<div class=\"elementor-element elementor-element-0b4aebe e-flex e-con-boxed e-con e-parent\" data-id=\"0b4aebe\" data-element_type=\"container\" data-e-type=\"container\">\n\t\t\t\t\t<div class=\"e-con-inner\">\n\t\t\t\t<div class=\"elementor-element elementor-element-0b271be elementor-widget elementor-widget-spacer\" data-id=\"0b271be\" data-element_type=\"widget\" data-e-type=\"widget\" data-widget_type=\"spacer.default\">\n\t\t\t\t<div class=\"elementor-widget-container\">\n\t\t\t\t\t\t\t<div class=\"elementor-spacer\">\n\t\t\t<div class=\"elementor-spacer-inner\"><\/div>\n\t\t<\/div>\n\t\t\t\t\t\t<\/div>\n\t\t\t\t<\/div>\n\t\t\t\t\t<\/div>\n\t\t\t\t<\/div>\n\t\t<div class=\"elementor-element elementor-element-3bf5835 e-flex e-con-boxed e-con e-parent\" data-id=\"3bf5835\" data-element_type=\"container\" data-e-type=\"container\">\n\t\t\t\t\t<div class=\"e-con-inner\">\n\t\t\t\t<div class=\"elementor-element elementor-element-77a487a elementor-widget elementor-widget-heading\" data-id=\"77a487a\" data-element_type=\"widget\" data-e-type=\"widget\" data-widget_type=\"heading.default\">\n\t\t\t\t<div class=\"elementor-widget-container\">\n\t\t\t\t\t<h2 class=\"elementor-heading-title elementor-size-default\">Produits incontournables d'Armorik Protect<\/h2>\t\t\t\t<\/div>\n\t\t\t\t<\/div>\n\t\t\t\t\t<\/div>\n\t\t\t\t<\/div>\n\t\t<div class=\"elementor-element elementor-element-5f48689 e-flex e-con-boxed e-con e-parent\" data-id=\"5f48689\" data-element_type=\"container\" data-e-type=\"container\">\n\t\t\t\t\t<div class=\"e-con-inner\">\n\t\t<div class=\"elementor-element elementor-element-ec009a6 e-con-full e-flex e-con e-child\" data-id=\"ec009a6\" data-element_type=\"container\" data-e-type=\"container\">\n\t\t\t\t<div class=\"elementor-element elementor-element-459341f elementor-widget elementor-widget-image\" data-id=\"459341f\" data-element_type=\"widget\" data-e-type=\"widget\" data-widget_type=\"image.default\">\n\t\t\t\t<div class=\"elementor-widget-container\">\n\t\t\t\t\t\t\t\t\t\t\t\t\t\t\t<img decoding=\"async\" width=\"150\" height=\"300\" src=\"https:\/\/armorik-protect.fr\/wp-content\/uploads\/2024\/05\/Fyro-extincteur-auxiliaire-150x300.jpeg\" class=\"attachment-medium size-medium wp-image-430\" alt=\"fyro extincteur auxiliaire\" srcset=\"https:\/\/armorik-protect.fr\/wp-content\/uploads\/2024\/05\/Fyro-extincteur-auxiliaire-150x300.jpeg 150w, https:\/\/armorik-protect.fr\/wp-content\/uploads\/2024\/05\/Fyro-extincteur-auxiliaire.jpeg 161w\" sizes=\"(max-width: 150px) 100vw, 150px\" \/>\t\t\t\t\t\t\t\t\t\t\t\t\t\t\t<\/div>\n\t\t\t\t<\/div>\n\t\t\t\t<div class=\"elementor-element elementor-element-508d5d6 elementor-widget elementor-widget-heading\" data-id=\"508d5d6\" data-element_type=\"widget\" data-e-type=\"widget\" data-widget_type=\"heading.default\">\n\t\t\t\t<div class=\"elementor-widget-container\">\n\t\t\t\t\t<h2 class=\"elementor-heading-title elementor-size-default\">Extincteur \u00e0 eau avec additif \"Bio\"<\/h2>\t\t\t\t<\/div>\n\t\t\t\t<\/div>\n\t\t\t\t<div class=\"elementor-element elementor-element-01dccad elementor-widget elementor-widget-text-editor\" data-id=\"01dccad\" data-element_type=\"widget\" data-e-type=\"widget\" data-widget_type=\"text-editor.default\">\n\t\t\t\t<div class=\"elementor-widget-container\">\n\t\t\t\t\t\t\t\t\t<p>Les extincteurs \u00e0 eau &#8220;Bio&#8221; sont am\u00e9lior\u00e9s par un additif \u00e9mulseur, augmentant leur capacit\u00e9 \u00e0 p\u00e9n\u00e9trer les flammes pour une lutte plus efficace contre les incendies. En formant une pellicule \u00e9tanche \u00e0 la surface des mat\u00e9riaux en combustion, ils isolent l&#8217;air et privent le feu de son alimentation, tout en agissant comme un isolant sur les feux \u00e9lectriques de petite taille. Ils sont appropri\u00e9s pour les feux de classe A, B et F.<\/p>\t\t\t\t\t\t\t\t<\/div>\n\t\t\t\t<\/div>\n\t\t\t\t<\/div>\n\t\t<div class=\"elementor-element elementor-element-8cc3e87 e-con-full e-flex e-con e-child\" data-id=\"8cc3e87\" data-element_type=\"container\" data-e-type=\"container\">\n\t\t\t\t<div class=\"elementor-element elementor-element-fcb34df elementor-widget elementor-widget-image\" data-id=\"fcb34df\" data-element_type=\"widget\" data-e-type=\"widget\" data-widget_type=\"image.default\">\n\t\t\t\t<div class=\"elementor-widget-container\">\n\t\t\t\t\t\t\t\t\t\t\t\t\t\t\t<img fetchpriority=\"high\" decoding=\"async\" width=\"214\" height=\"300\" src=\"https:\/\/armorik-protect.fr\/wp-content\/uploads\/2024\/02\/extincteur-a-gaz-214x300.jpeg\" class=\"attachment-medium size-medium wp-image-362\" alt=\"extincteur a\u0300 gaz\" srcset=\"https:\/\/armorik-protect.fr\/wp-content\/uploads\/2024\/02\/extincteur-a-gaz-214x300.jpeg 214w, https:\/\/armorik-protect.fr\/wp-content\/uploads\/2024\/02\/extincteur-a-gaz.jpeg 342w\" sizes=\"(max-width: 214px) 100vw, 214px\" \/>\t\t\t\t\t\t\t\t\t\t\t\t\t\t\t<\/div>\n\t\t\t\t<\/div>\n\t\t\t\t<div class=\"elementor-element elementor-element-7b24310 elementor-widget elementor-widget-heading\" data-id=\"7b24310\" data-element_type=\"widget\" data-e-type=\"widget\" data-widget_type=\"heading.default\">\n\t\t\t\t<div class=\"elementor-widget-container\">\n\t\t\t\t\t<h2 class=\"elementor-heading-title elementor-size-default\">Extincteur \u00e0 gaz<\/h2>\t\t\t\t<\/div>\n\t\t\t\t<\/div>\n\t\t\t\t<div class=\"elementor-element elementor-element-d2a353a elementor-widget elementor-widget-text-editor\" data-id=\"d2a353a\" data-element_type=\"widget\" data-e-type=\"widget\" data-widget_type=\"text-editor.default\">\n\t\t\t\t<div class=\"elementor-widget-container\">\n\t\t\t\t\t\t\t\t\t<p>L&#8217;extincteur \u00e0 gaz r\u00e9duit consid\u00e9rablement le taux d&#8217;oxyg\u00e8ne dans l&#8217;air pour \u00e9teindre le feu, g\u00e9n\u00e9ralement \u00e0 l&#8217;aide de dioxyde de carbone. Stock\u00e9 sous pression liquide \u00e0 basse temp\u00e9rature, il agit \u00e9galement par refroidissement, bien que de mani\u00e8re moins efficace que l&#8217;eau ou la mousse. Il convient aux feux de classe B et aux incendies \u00e9lectriques.<\/p>\t\t\t\t\t\t\t\t<\/div>\n\t\t\t\t<\/div>\n\t\t\t\t<\/div>\n\t\t<div class=\"elementor-element elementor-element-3b63979 e-con-full e-flex e-con e-child\" data-id=\"3b63979\" data-element_type=\"container\" data-e-type=\"container\">\n\t\t\t\t<div class=\"elementor-element elementor-element-ce49b44 elementor-widget elementor-widget-image\" data-id=\"ce49b44\" data-element_type=\"widget\" data-e-type=\"widget\" data-widget_type=\"image.default\">\n\t\t\t\t<div class=\"elementor-widget-container\">\n\t\t\t\t\t\t\t\t\t\t\t\t\t\t\t<img decoding=\"async\" width=\"169\" height=\"261\" src=\"https:\/\/armorik-protect.fr\/wp-content\/uploads\/2024\/05\/Fyro-extincteur-a-pression-auxiliaire.jpeg\" class=\"attachment-medium size-medium wp-image-434\" alt=\"Fyro extincteur a\u0300 pression auxiliaire\" \/>\t\t\t\t\t\t\t\t\t\t\t\t\t\t\t<\/div>\n\t\t\t\t<\/div>\n\t\t\t\t<div class=\"elementor-element elementor-element-d68366c elementor-widget elementor-widget-heading\" data-id=\"d68366c\" data-element_type=\"widget\" data-e-type=\"widget\" data-widget_type=\"heading.default\">\n\t\t\t\t<div class=\"elementor-widget-container\">\n\t\t\t\t\t<h2 class=\"elementor-heading-title elementor-size-default\">Extincteur \u00e0 pression auxiliaire<\/h2>\t\t\t\t<\/div>\n\t\t\t\t<\/div>\n\t\t\t\t<div class=\"elementor-element elementor-element-ef84194 elementor-widget elementor-widget-text-editor\" data-id=\"ef84194\" data-element_type=\"widget\" data-e-type=\"widget\" data-widget_type=\"text-editor.default\">\n\t\t\t\t<div class=\"elementor-widget-container\">\n\t\t\t\t\t\t\t\t\t<p>L&#8217;extincteur \u00e0 pression auxiliaire contient un agent chimique qui \u00e9touffe les flammes tout en isolant le combustible, assurant une extinction rapide du feu. Ils sont particuli\u00e8rement efficaces pour les feux de gaz de grande intensit\u00e9 (classe C) ainsi que pour les incendies des classes A et B. Ils sont adapt\u00e9s pour les feux de classe A, B et C.<\/p>\t\t\t\t\t\t\t\t<\/div>\n\t\t\t\t<\/div>\n\t\t\t\t<\/div>\n\t\t\t\t\t<\/div>\n\t\t\t\t<\/div>\n\t\t\t\t<\/div>\n\t\t","protected":false},"excerpt":{"rendered":"<p>Protection et s\u00e9curit\u00e9 incendie Nous nous engageons \u00e0 fournir des services complets de v\u00e9rification des appareils de lutte contre l&#8217;incendie, r\u00e9pondant parfaitement \u00e0 vos besoins, et ce dans des conditions optimales pour garantir un r\u00e9sultat de qualit\u00e9. Produits incontournables d&#8217;Armorik Protect Extincteur \u00e0 eau avec additif &#8220;Bio&#8221; Les extincteurs \u00e0 eau &#8220;Bio&#8221; sont am\u00e9lior\u00e9s par [&hellip;]<\/p>\n","protected":false},"author":1,"featured_media":0,"parent":0,"menu_order":0,"comment_status":"closed","ping_status":"closed","template":"elementor_header_footer","meta":{"footnotes":""},"class_list":["post-359","page","type-page","status-publish","hentry"],"yoast_head":"<!-- This site is optimized with the Yoast SEO plugin v22.1 - https:\/\/yoast.com\/wordpress\/plugins\/seo\/ -->\n<title>s\u00e9curit\u00e9 incendie - Armorik Protect<\/title>\n<meta name=\"robots\" content=\"index, follow, max-snippet:-1, max-image-preview:large, max-video-preview:-1\" \/>\n<link rel=\"canonical\" href=\"https:\/\/armorik-protect.fr\/?page_id=359\" \/>\n<meta property=\"og:locale\" content=\"en_US\" \/>\n<meta property=\"og:type\" content=\"article\" \/>\n<meta property=\"og:title\" content=\"s\u00e9curit\u00e9 incendie - Armorik Protect\" \/>\n<meta property=\"og:description\" content=\"Protection et s\u00e9curit\u00e9 incendie Nous nous engageons \u00e0 fournir des services complets de v\u00e9rification des appareils de lutte contre l&#8217;incendie, r\u00e9pondant parfaitement \u00e0 vos besoins, et ce dans des conditions optimales pour garantir un r\u00e9sultat de qualit\u00e9. Produits incontournables d&#8217;Armorik Protect Extincteur \u00e0 eau avec additif &#8220;Bio&#8221; Les extincteurs \u00e0 eau &#8220;Bio&#8221; sont am\u00e9lior\u00e9s par [&hellip;]\" \/>\n<meta property=\"og:url\" content=\"https:\/\/armorik-protect.fr\/?page_id=359\" \/>\n<meta property=\"og:site_name\" content=\"Armorik Protect\" \/>\n<meta property=\"article:modified_time\" content=\"2024-05-02T18:18:59+00:00\" \/>\n<meta property=\"og:image\" content=\"http:\/\/armorik-protect.fr\/wp-content\/uploads\/2024\/05\/Fyro-extincteur-auxiliaire-150x300.jpeg\" \/>\n<meta name=\"twitter:card\" content=\"summary_large_image\" \/>\n<meta name=\"twitter:label1\" content=\"Est. reading time\" \/>\n\t<meta name=\"twitter:data1\" content=\"2 minutes\" \/>\n<script type=\"application\/ld+json\" class=\"yoast-schema-graph\">{\"@context\":\"https:\/\/schema.org\",\"@graph\":[{\"@type\":\"WebPage\",\"@id\":\"https:\/\/armorik-protect.fr\/?page_id=359\",\"url\":\"https:\/\/armorik-protect.fr\/?page_id=359\",\"name\":\"s\u00e9curit\u00e9 incendie - Armorik Protect\",\"isPartOf\":{\"@id\":\"https:\/\/armorik-protect.fr\/#website\"},\"datePublished\":\"2024-02-29T21:59:53+00:00\",\"dateModified\":\"2024-05-02T18:18:59+00:00\",\"breadcrumb\":{\"@id\":\"https:\/\/armorik-protect.fr\/?page_id=359#breadcrumb\"},\"inLanguage\":\"en-US\",\"potentialAction\":[{\"@type\":\"ReadAction\",\"target\":[\"https:\/\/armorik-protect.fr\/?page_id=359\"]}]},{\"@type\":\"BreadcrumbList\",\"@id\":\"https:\/\/armorik-protect.fr\/?page_id=359#breadcrumb\",\"itemListElement\":[{\"@type\":\"ListItem\",\"position\":1,\"name\":\"Accueil\",\"item\":\"https:\/\/armorik-protect.fr\/\"},{\"@type\":\"ListItem\",\"position\":2,\"name\":\"s\u00e9curit\u00e9 incendie\"}]},{\"@type\":\"WebSite\",\"@id\":\"https:\/\/armorik-protect.fr\/#website\",\"url\":\"https:\/\/armorik-protect.fr\/\",\"name\":\"Armorik Protect\",\"description\":\"Priorit\u00e9 \u00e0 votre s\u00e9curit\u00e9 avec Armorik Protect\",\"publisher\":{\"@id\":\"https:\/\/armorik-protect.fr\/#organization\"},\"potentialAction\":[{\"@type\":\"SearchAction\",\"target\":{\"@type\":\"EntryPoint\",\"urlTemplate\":\"https:\/\/armorik-protect.fr\/?s={search_term_string}\"},\"query-input\":\"required name=search_term_string\"}],\"inLanguage\":\"en-US\"},{\"@type\":\"Organization\",\"@id\":\"https:\/\/armorik-protect.fr\/#organization\",\"name\":\"Armorik Protect\",\"url\":\"https:\/\/armorik-protect.fr\/\",\"logo\":{\"@type\":\"ImageObject\",\"inLanguage\":\"en-US\",\"@id\":\"https:\/\/armorik-protect.fr\/#\/schema\/logo\/image\/\",\"url\":\"https:\/\/armorik-protect.fr\/wp-content\/uploads\/2024\/02\/Logo-en-tete-Armorik-Protect.png\",\"contentUrl\":\"https:\/\/armorik-protect.fr\/wp-content\/uploads\/2024\/02\/Logo-en-tete-Armorik-Protect.png\",\"width\":350,\"height\":100,\"caption\":\"Armorik Protect\"},\"image\":{\"@id\":\"https:\/\/armorik-protect.fr\/#\/schema\/logo\/image\/\"}}]}<\/script>\n<!-- \/ Yoast SEO plugin. -->","yoast_head_json":{"title":"s\u00e9curit\u00e9 incendie - Armorik Protect","robots":{"index":"index","follow":"follow","max-snippet":"max-snippet:-1","max-image-preview":"max-image-preview:large","max-video-preview":"max-video-preview:-1"},"canonical":"https:\/\/armorik-protect.fr\/?page_id=359","og_locale":"en_US","og_type":"article","og_title":"s\u00e9curit\u00e9 incendie - Armorik Protect","og_description":"Protection et s\u00e9curit\u00e9 incendie Nous nous engageons \u00e0 fournir des services complets de v\u00e9rification des appareils de lutte contre l&#8217;incendie, r\u00e9pondant parfaitement \u00e0 vos besoins, et ce dans des conditions optimales pour garantir un r\u00e9sultat de qualit\u00e9. Produits incontournables d&#8217;Armorik Protect Extincteur \u00e0 eau avec additif &#8220;Bio&#8221; Les extincteurs \u00e0 eau &#8220;Bio&#8221; sont am\u00e9lior\u00e9s par [&hellip;]","og_url":"https:\/\/armorik-protect.fr\/?page_id=359","og_site_name":"Armorik Protect","article_modified_time":"2024-05-02T18:18:59+00:00","og_image":[{"url":"http:\/\/armorik-protect.fr\/wp-content\/uploads\/2024\/05\/Fyro-extincteur-auxiliaire-150x300.jpeg"}],"twitter_card":"summary_large_image","twitter_misc":{"Est. reading time":"2 minutes"},"schema":{"@context":"https:\/\/schema.org","@graph":[{"@type":"WebPage","@id":"https:\/\/armorik-protect.fr\/?page_id=359","url":"https:\/\/armorik-protect.fr\/?page_id=359","name":"s\u00e9curit\u00e9 incendie - Armorik Protect","isPartOf":{"@id":"https:\/\/armorik-protect.fr\/#website"},"datePublished":"2024-02-29T21:59:53+00:00","dateModified":"2024-05-02T18:18:59+00:00","breadcrumb":{"@id":"https:\/\/armorik-protect.fr\/?page_id=359#breadcrumb"},"inLanguage":"en-US","potentialAction":[{"@type":"ReadAction","target":["https:\/\/armorik-protect.fr\/?page_id=359"]}]},{"@type":"BreadcrumbList","@id":"https:\/\/armorik-protect.fr\/?page_id=359#breadcrumb","itemListElement":[{"@type":"ListItem","position":1,"name":"Accueil","item":"https:\/\/armorik-protect.fr\/"},{"@type":"ListItem","position":2,"name":"s\u00e9curit\u00e9 incendie"}]},{"@type":"WebSite","@id":"https:\/\/armorik-protect.fr\/#website","url":"https:\/\/armorik-protect.fr\/","name":"Armorik Protect","description":"Priorit\u00e9 \u00e0 votre s\u00e9curit\u00e9 avec Armorik Protect","publisher":{"@id":"https:\/\/armorik-protect.fr\/#organization"},"potentialAction":[{"@type":"SearchAction","target":{"@type":"EntryPoint","urlTemplate":"https:\/\/armorik-protect.fr\/?s={search_term_string}"},"query-input":"required name=search_term_string"}],"inLanguage":"en-US"},{"@type":"Organization","@id":"https:\/\/armorik-protect.fr\/#organization","name":"Armorik Protect","url":"https:\/\/armorik-protect.fr\/","logo":{"@type":"ImageObject","inLanguage":"en-US","@id":"https:\/\/armorik-protect.fr\/#\/schema\/logo\/image\/","url":"https:\/\/armorik-protect.fr\/wp-content\/uploads\/2024\/02\/Logo-en-tete-Armorik-Protect.png","contentUrl":"https:\/\/armorik-protect.fr\/wp-content\/uploads\/2024\/02\/Logo-en-tete-Armorik-Protect.png","width":350,"height":100,"caption":"Armorik Protect"},"image":{"@id":"https:\/\/armorik-protect.fr\/#\/schema\/logo\/image\/"}}]}},"_links":{"self":[{"href":"https:\/\/armorik-protect.fr\/index.php?rest_route=\/wp\/v2\/pages\/359","targetHints":{"allow":["GET"]}}],"collection":[{"href":"https:\/\/armorik-protect.fr\/index.php?rest_route=\/wp\/v2\/pages"}],"about":[{"href":"https:\/\/armorik-protect.fr\/index.php?rest_route=\/wp\/v2\/types\/page"}],"author":[{"embeddable":true,"href":"https:\/\/armorik-protect.fr\/index.php?rest_route=\/wp\/v2\/users\/1"}],"replies":[{"embeddable":true,"href":"https:\/\/armorik-protect.fr\/index.php?rest_route=%2Fwp%2Fv2%2Fcomments&post=359"}],"version-history":[{"count":16,"href":"https:\/\/armorik-protect.fr\/index.php?rest_route=\/wp\/v2\/pages\/359\/revisions"}],"predecessor-version":[{"id":440,"href":"https:\/\/armorik-protect.fr\/index.php?rest_route=\/wp\/v2\/pages\/359\/revisions\/440"}],"wp:attachment":[{"href":"https:\/\/armorik-protect.fr\/index.php?rest_route=%2Fwp%2Fv2%2Fmedia&parent=359"}],"curies":[{"name":"wp","href":"https:\/\/api.w.org\/{rel}","templated":true}]}}